{"id":8868,"date":"2021-10-22T18:23:10","date_gmt":"2021-10-22T16:23:10","guid":{"rendered":"https:\/\/museofucecchio.it\/en\/?page_id=8868"},"modified":"2022-02-10T19:32:03","modified_gmt":"2022-02-10T18:32:03","slug":"crediti","status":"publish","type":"page","link":"https:\/\/museofucecchio.it\/en\/crediti\/","title":{"rendered":"Crediti"},"content":{"rendered":"\t\t<div data-elementor-type=\"wp-post\" data-elementor-id=\"8868\" class=\"elementor elementor-8868\" data-elementor-settings=\"[]\">\n\t\t\t\t\t\t\t<div class=\"elementor-section-wrap\">\n\t\t\t\t\t\t\t<section class=\"elementor-section elementor-top-section elementor-element elementor-element-431ff97 elementor-section-full_width elementor-section-height-default elementor-section-height-default\" data-id=\"431ff97\" data-element_type=\"section\">\n\t\t\t\t\t\t<div class=\"elementor-container elementor-column-gap-default\">\n\t\t\t\t\t<div class=\"elementor-column elementor-col-100 elementor-top-column elementor-element elementor-element-bd5badd\" data-id=\"bd5badd\" data-element_type=\"column\">\n\t\t\t<div class=\"elementor-widget-wrap elementor-element-populated\">\n\t\t\t\t\t\t\t\t<div class=\"elementor-element elementor-element-888342e elementor-widget elementor-widget-ova_heading_page\" data-id=\"888342e\" data-element_type=\"widget\" data-widget_type=\"ova_heading_page.default\">\n\t\t\t\t<div class=\"elementor-widget-container\">\n\t\t\t\n\t\t<section class=\"heading-page\" style=\"background-image: url(https:\/\/museofucecchio.it\/en\/wp-content\/uploads\/2021\/10\/20180522_174221_risultato.jpg)\" >\n\t\t\t<div class=\"container\">\n\t\t\t\t<div class=\"cta-content\">\n\t\t\t\t\t\t\t\t\t\t\t<h2 class=\"second_font\">Credits<\/h2>\n\t\t\t\t\t\t\t\t\t\t\n\t\t\t\t<\/div>\n\t\t\t<\/div>\n\t\t<\/section>\n\n\t\t\t<\/div>\n\t\t\t\t<\/div>\n\t\t\t\t<div class=\"elementor-element elementor-element-44e57c4 elementor-widget elementor-widget-spacer\" data-id=\"44e57c4\" data-element_type=\"widget\" data-widget_type=\"spacer.default\">\n\t\t\t\t<div class=\"elementor-widget-container\">\n\t\t\t\t\t<div class=\"elementor-spacer\">\n\t\t\t<div class=\"elementor-spacer-inner\"><\/div>\n\t\t<\/div>\n\t\t\t\t<\/div>\n\t\t\t\t<\/div>\n\t\t\t\t<div class=\"elementor-element elementor-element-9951279 elementor-widget elementor-widget-image\" data-id=\"9951279\" data-element_type=\"widget\" data-widget_type=\"image.default\">\n\t\t\t\t<div class=\"elementor-widget-container\">\n\t\t\t\t\t\t\t\t\t\t\t\t<figure class=\"wp-caption\">\n\t\t\t\t\t\t\t\t\t\t<img src=\"https:\/\/museofucecchio.it\/en\/wp-content\/uploads\/2019\/01\/irisco-logo.gif\" title=\"\" alt=\"\" \/>\t\t\t\t\t\t\t\t\t\t\t<figcaption class=\"widget-image-caption wp-caption-text\">Irisco srl - Empoli (FI)<\/figcaption>\n\t\t\t\t\t\t\t\t\t\t<\/figure>\n\t\t\t\t\t\t\t\t\t<\/div>\n\t\t\t\t<\/div>\n\t\t\t\t<div class=\"elementor-element elementor-element-b078ed0 elementor-widget elementor-widget-spacer\" data-id=\"b078ed0\" data-element_type=\"widget\" data-widget_type=\"spacer.default\">\n\t\t\t\t<div class=\"elementor-widget-container\">\n\t\t\t\t\t<div class=\"elementor-spacer\">\n\t\t\t<div class=\"elementor-spacer-inner\"><\/div>\n\t\t<\/div>\n\t\t\t\t<\/div>\n\t\t\t\t<\/div>\n\t\t\t\t\t<\/div>\n\t\t<\/div>\n\t\t\t\t\t\t\t<\/div>\n\t\t<\/section>\n\t\t\t\t<section class=\"elementor-section elementor-top-section elementor-element elementor-element-da47003 elementor-section-boxed elementor-section-height-default elementor-section-height-default\" data-id=\"da47003\" data-element_type=\"section\">\n\t\t\t\t\t\t<div class=\"elementor-container elementor-column-gap-narrow\">\n\t\t\t\t\t<div class=\"elementor-column elementor-col-100 elementor-top-column elementor-element elementor-element-513243b\" data-id=\"513243b\" data-element_type=\"column\">\n\t\t\t<div class=\"elementor-widget-wrap elementor-element-populated\">\n\t\t\t\t\t\t\t\t<div class=\"elementor-element elementor-element-84f257a elementor-widget elementor-widget-text-editor\" data-id=\"84f257a\" data-element_type=\"widget\" data-widget_type=\"text-editor.default\">\n\t\t\t\t<div class=\"elementor-widget-container\">\n\t\t\t\t\t\t\t\t<p style=\"text-align: center;\"><em>Web design<\/em><br \/>Benedetto Toni<\/p><p style=\"text-align: center;\"><em>Fotografie<br \/><\/em>Nicola Cioni, Andrea Lippi, Luca Lupi, Fabio Romano, Andrea Vanni Desideri<\/p><p style=\"text-align: center;\"><em>Restauri<\/em><br \/>Paolo Belluzzo, Lidia Cinelli, Sandra Pucci, Restauro Legno, Concita Vadal\u00e0<\/p><p style=\"text-align: center;\"><em>Ricostruzioni in scala<br \/><\/em>Associazione Ark\u00e8, Scramasax<\/p><p style=\"text-align: center;\"><em>3D, modelli e video ricostruzioni virtuali<br \/><\/em><a href=\"https:\/\/www.digitalismi.it\/3d\/ricostruzioni-3d-archeologia\/\">Digitalismi<\/a><\/p><p style=\"text-align: center;\"><em>Virtual landscaping<br \/><\/em><a href=\"https:\/\/www.digitalismi.it\/3d\/ricostruzioni-3d-archeologia\/\">Digitalismi<\/a>, GeoLab (Universit\u00e0 di Firenze)<\/p><p style=\"text-align: center;\"><em>Stampa 3D<br \/><\/em>PaLEoS<\/p><p style=\"text-align: center;\"><em>Riprese video<br \/><\/em>Vettorato TV, PromoCultura<\/p><p style=\"text-align: center;\"><em>Traduzioni<br \/><\/em>Alessia Meneghin<\/p><p style=\"text-align: center;\"><em>Speaker<br \/><\/em> Andrea Giuntini, Alice Dettori<\/p><p style=\"text-align: center;\"><em>Testi<br \/><\/em>Centro di Ricerca, Documentazione e Promozione del Padule di Fucecchio, Alessandro Costantini, Stefano Dominici, Francesca Grassini, Silvia Leporatti, Giovanni Malvolti, Andrea Vanni\u00a0 Desideri<\/p><p style=\"text-align: center;\"><em>Allestimenti<br \/><\/em>Galli Allestimenti, Laboratorio Museotecnico Goppion, Etruria Musei<\/p><p style=\"text-align: center;\"><em>Disegni<\/em><br \/>Cristina Andreani, Alessandro Sacchetti<\/p><p style=\"text-align: center;\"><em>Grafica<br \/><\/em> Stampa in Stampa<\/p>\t\t\t\t\t\t<\/div>\n\t\t\t\t<\/div>\n\t\t\t\t\t<\/div>\n\t\t<\/div>\n\t\t\t\t\t\t\t<\/div>\n\t\t<\/section>\n\t\t\t\t\t\t<\/div>\n\t\t\t\t\t<\/div>\n\t\t","protected":false},"excerpt":{"rendered":"<p>Credits Irisco srl &#8211; Empoli (FI) Web designBenedetto Toni FotografieNicola Cioni, Andrea Lippi, Luca Lupi, Fabio Romano, Andrea Vanni Desideri RestauriPaolo Belluzzo, Lidia Cinelli, Sandra Pucci, Restauro Legno, Concita Vadal\u00e0 Ricostruzioni in scalaAssociazione Ark\u00e8, Scramasax 3D, modelli e video ricostruzioni virtualiDigitalismi Virtual landscapingDigitalismi, GeoLab (Universit\u00e0 di Firenze) Stampa 3DPaLEoS Riprese videoVettorato TV, PromoCultura TraduzioniAlessia Meneghin [&hellip;]<\/p>\n","protected":false},"author":1,"featured_media":0,"parent":0,"menu_order":0,"comment_status":"closed","ping_status":"closed","template":"elementor_header_footer","meta":{"_monsterinsights_skip_tracking":false,"_monsterinsights_sitenote_active":false,"_monsterinsights_sitenote_note":"","_monsterinsights_sitenote_category":0},"_links":{"self":[{"href":"https:\/\/museofucecchio.it\/en\/wp-json\/wp\/v2\/pages\/8868"}],"collection":[{"href":"https:\/\/museofucecchio.it\/en\/wp-json\/wp\/v2\/pages"}],"about":[{"href":"https:\/\/museofucecchio.it\/en\/wp-json\/wp\/v2\/types\/page"}],"author":[{"embeddable":true,"href":"https:\/\/museofucecchio.it\/en\/wp-json\/wp\/v2\/users\/1"}],"replies":[{"embeddable":true,"href":"https:\/\/museofucecchio.it\/en\/wp-json\/wp\/v2\/comments?post=8868"}],"version-history":[{"count":103,"href":"https:\/\/museofucecchio.it\/en\/wp-json\/wp\/v2\/pages\/8868\/revisions"}],"predecessor-version":[{"id":12552,"href":"https:\/\/museofucecchio.it\/en\/wp-json\/wp\/v2\/pages\/8868\/revisions\/12552"}],"wp:attachment":[{"href":"https:\/\/museofucecchio.it\/en\/wp-json\/wp\/v2\/media?parent=8868"}],"curies":[{"name":"wp","href":"https:\/\/api.w.org\/{rel}","templated":true}]}}