{"id":7373,"date":"2021-09-26T08:04:46","date_gmt":"2021-09-26T06:04:46","guid":{"rendered":"https:\/\/museofucecchio.it\/en\/?page_id=7373"},"modified":"2022-02-05T12:22:46","modified_gmt":"2022-02-05T11:22:46","slug":"sala-2","status":"publish","type":"page","link":"https:\/\/museofucecchio.it\/en\/le-sale\/sezione-archeologica\/sala-2\/","title":{"rendered":"Room 2. The Etruscan and Roman age"},"content":{"rendered":"\t\t<div data-elementor-type=\"wp-page\" data-elementor-id=\"7373\" class=\"elementor elementor-7373\" data-elementor-settings=\"[]\">\n\t\t\t\t\t\t\t<div class=\"elementor-section-wrap\">\n\t\t\t\t\t\t\t<section class=\"elementor-section elementor-top-section elementor-element elementor-element-cf3fcaa elementor-section-boxed elementor-section-height-default elementor-section-height-default\" data-id=\"cf3fcaa\" data-element_type=\"section\">\n\t\t\t\t\t\t<div class=\"elementor-container elementor-column-gap-default\">\n\t\t\t\t\t<div class=\"elementor-column elementor-col-100 elementor-top-column elementor-element elementor-element-5320d79\" data-id=\"5320d79\" data-element_type=\"column\">\n\t\t\t<div class=\"elementor-widget-wrap elementor-element-populated\">\n\t\t\t\t\t\t\t\t<section class=\"elementor-section elementor-inner-section elementor-element elementor-element-f955dc8 elementor-section-boxed elementor-section-height-default elementor-section-height-default\" data-id=\"f955dc8\" data-element_type=\"section\">\n\t\t\t\t\t\t<div class=\"elementor-container elementor-column-gap-default\">\n\t\t\t\t\t<div class=\"elementor-column elementor-col-50 elementor-inner-column elementor-element elementor-element-c95cc37\" data-id=\"c95cc37\" data-element_type=\"column\">\n\t\t\t<div class=\"elementor-widget-wrap elementor-element-populated\">\n\t\t\t\t\t\t\t\t<div class=\"elementor-element elementor-element-c261b4d elementor-widget elementor-widget-text-editor\" data-id=\"c261b4d\" data-element_type=\"widget\" data-widget_type=\"text-editor.default\">\n\t\t\t\t<div class=\"elementor-widget-container\">\n\t\t\t\t\t\t\t\t<p><img loading=\"lazy\" class=\"size-medium wp-image-9201 aligncenter\" src=\"https:\/\/museofucecchio.it\/en\/wp-content\/uploads\/2021\/10\/epigrafe-Titus-300x274.jpg\" alt=\"\" width=\"300\" height=\"274\" srcset=\"https:\/\/museofucecchio.it\/en\/wp-content\/uploads\/sites\/4\/2021\/10\/epigrafe-Titus-300x274.jpg 300w, https:\/\/museofucecchio.it\/en\/wp-content\/uploads\/sites\/4\/2021\/10\/epigrafe-Titus-768x703.jpg 768w, https:\/\/museofucecchio.it\/en\/wp-content\/uploads\/sites\/4\/2021\/10\/epigrafe-Titus-600x549.jpg 600w, https:\/\/museofucecchio.it\/en\/wp-content\/uploads\/sites\/4\/2021\/10\/epigrafe-Titus.jpg 822w\" sizes=\"(max-width: 300px) 100vw, 300px\" \/><\/p>\t\t\t\t\t\t<\/div>\n\t\t\t\t<\/div>\n\t\t\t\t<div class=\"elementor-element elementor-element-310e30c elementor-widget elementor-widget-html\" data-id=\"310e30c\" data-element_type=\"widget\" data-widget_type=\"html.default\">\n\t\t\t\t<div class=\"elementor-widget-container\">\n\t\t\t<figure>\n    <figcaption><\/figcaption>\n    <audio class=\"audioguida\" controls src=\"\/audio\/Room_2.mp3\">\n    <\/audio>\n<\/figure>\t\t<\/div>\n\t\t\t\t<\/div>\n\t\t\t\t<div class=\"elementor-element elementor-element-eafcaf9 elementor-widget elementor-widget-text-editor\" data-id=\"eafcaf9\" data-element_type=\"widget\" data-widget_type=\"text-editor.default\">\n\t\t\t\t<div class=\"elementor-widget-container\">\n\t\t\t\t\t\t\t\t<p>The scarce archaeological documentation exhibited in this room along with the news of old findings allow to reconstruct the layout of the territory in the Etruscan and Roman age and the network of small scattered settlements. In this picture, in addition to the extensive traces of land divisions or centuriazioni in the plain, the epigraphic data of Cappiano &#8211; including the funerary title of Tiberius Iulius Rhodon, going back to the first century AD &#8211; acquire relevance for the Augustan age. These data were unearthed in the 1700s in the church of S. Bartolomeo in Cappiano, and later displayed in the Florentine collection Aldobrandini Antinori and showed here in cast.\u00a0<\/p><div class=\"sketchfab-embed-wrapper\"> <\/div>\t\t\t\t\t\t<\/div>\n\t\t\t\t<\/div>\n\t\t\t\t\t<\/div>\n\t\t<\/div>\n\t\t\t\t<div class=\"elementor-column elementor-col-50 elementor-inner-column elementor-element elementor-element-0e297c3\" data-id=\"0e297c3\" data-element_type=\"column\">\n\t\t\t<div class=\"elementor-widget-wrap elementor-element-populated\">\n\t\t\t\t\t\t\t\t<div class=\"elementor-element elementor-element-33d7738 elementor-widget elementor-widget-image\" data-id=\"33d7738\" data-element_type=\"widget\" data-widget_type=\"image.default\">\n\t\t\t\t<div class=\"elementor-widget-container\">\n\t\t\t\t\t\t\t\t\t\t\t\t<figure class=\"wp-caption\">\n\t\t\t\t\t\t\t\t\t\t\t<a href=\"https:\/\/museofucecchio.it\/en\/wp-content\/uploads\/2021\/10\/113212-2_risultato.jpg\" data-elementor-open-lightbox=\"yes\" data-elementor-lightbox-title=\"113212 (2)_risultato\">\n\t\t\t\t\t\t\t<img width=\"955\" height=\"1024\" src=\"https:\/\/museofucecchio.it\/en\/wp-content\/uploads\/sites\/4\/2021\/10\/113212-2_risultato-955x1024.jpg\" class=\"attachment-large size-large\" alt=\"\" loading=\"lazy\" srcset=\"https:\/\/museofucecchio.it\/en\/wp-content\/uploads\/sites\/4\/2021\/10\/113212-2_risultato-955x1024.jpg 955w, https:\/\/museofucecchio.it\/en\/wp-content\/uploads\/sites\/4\/2021\/10\/113212-2_risultato-280x300.jpg 280w, https:\/\/museofucecchio.it\/en\/wp-content\/uploads\/sites\/4\/2021\/10\/113212-2_risultato-768x823.jpg 768w, https:\/\/museofucecchio.it\/en\/wp-content\/uploads\/sites\/4\/2021\/10\/113212-2_risultato-1433x1536.jpg 1433w, https:\/\/museofucecchio.it\/en\/wp-content\/uploads\/sites\/4\/2021\/10\/113212-2_risultato-600x643.jpg 600w, https:\/\/museofucecchio.it\/en\/wp-content\/uploads\/sites\/4\/2021\/10\/113212-2_risultato.jpg 1791w\" sizes=\"(max-width: 955px) 100vw, 955px\" \/>\t\t\t\t\t\t\t\t<\/a>\n\t\t\t\t\t\t\t\t\t\t\t<figcaption class=\"widget-image-caption wp-caption-text\"><\/figcaption>\n\t\t\t\t\t\t\t\t\t\t<\/figure>\n\t\t\t\t\t\t\t\t\t<\/div>\n\t\t\t\t<\/div>\n\t\t\t\t<div class=\"elementor-element elementor-element-1c77bea elementor-widget elementor-widget-text-editor\" data-id=\"1c77bea\" data-element_type=\"widget\" data-widget_type=\"text-editor.default\">\n\t\t\t\t<div class=\"elementor-widget-container\">\n\t\t\t\t\t\t\t\t<p>The votive altar in marble, recovered at the end of the 1700s during the dismantling of the dam wall of the Fucecchio lake, and considered lost for a long time, was traced in 1973 in a garden wall in via Castruccio Castracani in Fucecchio, which belonged to the canon and local scholar Gaetano Rosati who first transcribed it.<\/p><div class=\"sketchfab-embed-wrapper\"> <\/div>\t\t\t\t\t\t<\/div>\n\t\t\t\t<\/div>\n\t\t\t\t<div class=\"elementor-element elementor-element-afc886b elementor-aspect-ratio-169 elementor-widget elementor-widget-video\" data-id=\"afc886b\" data-element_type=\"widget\" data-settings=\"{&quot;youtube_url&quot;:&quot;https:\\\/\\\/www.youtube.com\\\/watch?v=dnfbIermoMM&quot;,&quot;video_type&quot;:&quot;youtube&quot;,&quot;controls&quot;:&quot;yes&quot;,&quot;aspect_ratio&quot;:&quot;169&quot;}\" data-widget_type=\"video.default\">\n\t\t\t\t<div class=\"elementor-widget-container\">\n\t\t\t\t\t<div class=\"elementor-wrapper elementor-fit-aspect-ratio elementor-open-inline\">\n\t\t\t<div class=\"elementor-video\"><\/div>\t\t<\/div>\n\t\t\t\t<\/div>\n\t\t\t\t<\/div>\n\t\t\t\t\t<\/div>\n\t\t<\/div>\n\t\t\t\t\t\t\t<\/div>\n\t\t<\/section>\n\t\t\t\t\t<\/div>\n\t\t<\/div>\n\t\t\t\t\t\t\t<\/div>\n\t\t<\/section>\n\t\t\t\t<section class=\"elementor-section elementor-top-section elementor-element elementor-element-a43277e elementor-section-boxed elementor-section-height-default elementor-section-height-default\" data-id=\"a43277e\" data-element_type=\"section\">\n\t\t\t\t\t\t<div class=\"elementor-container elementor-column-gap-default\">\n\t\t\t\t\t<div class=\"elementor-column elementor-col-100 elementor-top-column elementor-element elementor-element-b0609b9\" data-id=\"b0609b9\" data-element_type=\"column\">\n\t\t\t<div class=\"elementor-widget-wrap elementor-element-populated\">\n\t\t\t\t\t\t\t\t<div class=\"elementor-element elementor-element-6e660db elementor-widget elementor-widget-heading\" data-id=\"6e660db\" data-element_type=\"widget\" data-widget_type=\"heading.default\">\n\t\t\t\t<div class=\"elementor-widget-container\">\n\t\t\t<h5 class=\"elementor-heading-title elementor-size-default\">Approfondimenti<\/h5>\t\t<\/div>\n\t\t\t\t<\/div>\n\t\t\t\t<div class=\"elementor-element elementor-element-ad949cd elementor-widget elementor-widget-accordion\" data-id=\"ad949cd\" data-element_type=\"widget\" data-widget_type=\"accordion.default\">\n\t\t\t\t<div class=\"elementor-widget-container\">\n\t\t\t\t\t<div class=\"elementor-accordion\" role=\"tablist\">\n\t\t\t\t\t\t\t<div class=\"elementor-accordion-item\">\n\t\t\t\t\t<div id=\"elementor-tab-title-1821\" class=\"elementor-tab-title\" data-tab=\"1\" role=\"tab\" aria-controls=\"elementor-tab-content-1821\" aria-expanded=\"false\">\n\t\t\t\t\t\t\t\t\t\t\t\t\t<span class=\"elementor-accordion-icon elementor-accordion-icon-left\" aria-hidden=\"true\">\n\t\t\t\t\t\t\t\t\t\t\t\t\t\t\t<span class=\"elementor-accordion-icon-closed\"><i class=\"fas fa-plus\"><\/i><\/span>\n\t\t\t\t\t\t\t\t<span class=\"elementor-accordion-icon-opened\"><i class=\"fas fa-minus\"><\/i><\/span>\n\t\t\t\t\t\t\t\t\t\t\t\t\t\t<\/span>\n\t\t\t\t\t\t\t\t\t\t\t\t<a class=\"elementor-accordion-title\" href=\"\">Il sistema di centuriazioni<\/a>\n\t\t\t\t\t<\/div>\n\t\t\t\t\t<div id=\"elementor-tab-content-1821\" class=\"elementor-tab-content elementor-clearfix\" data-tab=\"1\" role=\"tabpanel\" aria-labelledby=\"elementor-tab-title-1821\"><p>A partire da et\u00e0 augustea, nel quadro di una pi\u00f9 estesa riorganizzazione fondiaria, la pianura a sud ovest di Fucecchio \u00e8 interessata da un esteso programma di centuriazione, consistente nella delimitazione di un reticolo di appezzamenti quadrati di terreno, di circa 710 m di lato, da assegnare ai veterani dell&#8217;esercito, parte di un pi\u00f9 ampio sistema esteso a tutta la valle dell&#8217;Arno.<\/p><p><img loading=\"lazy\" class=\"aligncenter wp-image-9522 size-large\" src=\"https:\/\/museofucecchio.it\/en\/wp-content\/uploads\/2019\/01\/Digitalizzato_20211031_risultato-1024x716.jpg\" alt=\"\" width=\"1024\" height=\"716\" srcset=\"https:\/\/museofucecchio.it\/en\/wp-content\/uploads\/sites\/4\/2019\/01\/Digitalizzato_20211031_risultato-1024x716.jpg 1024w, https:\/\/museofucecchio.it\/en\/wp-content\/uploads\/sites\/4\/2019\/01\/Digitalizzato_20211031_risultato-300x210.jpg 300w, https:\/\/museofucecchio.it\/en\/wp-content\/uploads\/sites\/4\/2019\/01\/Digitalizzato_20211031_risultato-768x537.jpg 768w, https:\/\/museofucecchio.it\/en\/wp-content\/uploads\/sites\/4\/2019\/01\/Digitalizzato_20211031_risultato-1536x1074.jpg 1536w, https:\/\/museofucecchio.it\/en\/wp-content\/uploads\/sites\/4\/2019\/01\/Digitalizzato_20211031_risultato-600x419.jpg 600w, https:\/\/museofucecchio.it\/en\/wp-content\/uploads\/sites\/4\/2019\/01\/Digitalizzato_20211031_risultato.jpg 1920w\" sizes=\"(max-width: 1024px) 100vw, 1024px\" \/><\/p><p>Le tracce di queste suddivisioni agrarie erano ancora ben visibili nella cartografia prima della proliferazione edilizia della seconda met\u00e0 del 1900.<\/p><p>(da Ristori 1982)<\/p><\/div>\n\t\t\t\t<\/div>\n\t\t\t\t\t\t\t<div class=\"elementor-accordion-item\">\n\t\t\t\t\t<div id=\"elementor-tab-title-1822\" class=\"elementor-tab-title\" data-tab=\"2\" role=\"tab\" aria-controls=\"elementor-tab-content-1822\" aria-expanded=\"false\">\n\t\t\t\t\t\t\t\t\t\t\t\t\t<span class=\"elementor-accordion-icon elementor-accordion-icon-left\" aria-hidden=\"true\">\n\t\t\t\t\t\t\t\t\t\t\t\t\t\t\t<span class=\"elementor-accordion-icon-closed\"><i class=\"fas fa-plus\"><\/i><\/span>\n\t\t\t\t\t\t\t\t<span class=\"elementor-accordion-icon-opened\"><i class=\"fas fa-minus\"><\/i><\/span>\n\t\t\t\t\t\t\t\t\t\t\t\t\t\t<\/span>\n\t\t\t\t\t\t\t\t\t\t\t\t<a class=\"elementor-accordion-title\" href=\"\">L'aes signatum di Tricolle<\/a>\n\t\t\t\t\t<\/div>\n\t\t\t\t\t<div id=\"elementor-tab-content-1822\" class=\"elementor-tab-content elementor-clearfix\" data-tab=\"2\" role=\"tabpanel\" aria-labelledby=\"elementor-tab-title-1822\"><p><img loading=\"lazy\" class=\"alignleft wp-image-8030 size-large\" src=\"https:\/\/museofucecchio.it\/en\/wp-content\/uploads\/2019\/01\/fig.-14_risultato-674x1024.jpg\" alt=\"\" width=\"674\" height=\"1024\" srcset=\"https:\/\/museofucecchio.it\/en\/wp-content\/uploads\/sites\/4\/2019\/01\/fig.-14_risultato-674x1024.jpg 674w, https:\/\/museofucecchio.it\/en\/wp-content\/uploads\/sites\/4\/2019\/01\/fig.-14_risultato-197x300.jpg 197w, https:\/\/museofucecchio.it\/en\/wp-content\/uploads\/sites\/4\/2019\/01\/fig.-14_risultato-768x1168.jpg 768w, https:\/\/museofucecchio.it\/en\/wp-content\/uploads\/sites\/4\/2019\/01\/fig.-14_risultato-1010x1536.jpg 1010w, https:\/\/museofucecchio.it\/en\/wp-content\/uploads\/sites\/4\/2019\/01\/fig.-14_risultato-600x912.jpg 600w, https:\/\/museofucecchio.it\/en\/wp-content\/uploads\/sites\/4\/2019\/01\/fig.-14_risultato.jpg 1263w\" sizes=\"(max-width: 674px) 100vw, 674px\" \/><\/p><p>I due lingotti di bronzo o rame ferroso, esposti in calco, furono rinvenuti presso Tricolle (Ponte a Cappiano) nel 1912 e sono conservati presso il Museo Archeologico Nazionale di Firenze. Si tratta di una forma di commercializzazione del metallo, datata tra la seconda met\u00e0 del VI e la seconda met\u00e0 del IV secolo a. C.. Il valore di questi lingotti, da definire per pesatura, poteva anche svolgere il ruolo che pi\u00f9 tardi verr\u00e0 svolto dalle monete. Il peso e il conseguente valore di quest&#8217;ultime, controllato e garantito dall&#8217;autorit\u00e0 che le emetteva, ha il vantaggio di permettere computi e transazioni molto pi\u00f9 agili per semplice conteggio delle monete.<\/p><\/div>\n\t\t\t\t<\/div>\n\t\t\t\t\t\t\t<div class=\"elementor-accordion-item\">\n\t\t\t\t\t<div id=\"elementor-tab-title-1823\" class=\"elementor-tab-title\" data-tab=\"3\" role=\"tab\" aria-controls=\"elementor-tab-content-1823\" aria-expanded=\"false\">\n\t\t\t\t\t\t\t\t\t\t\t\t\t<span class=\"elementor-accordion-icon elementor-accordion-icon-left\" aria-hidden=\"true\">\n\t\t\t\t\t\t\t\t\t\t\t\t\t\t\t<span class=\"elementor-accordion-icon-closed\"><i class=\"fas fa-plus\"><\/i><\/span>\n\t\t\t\t\t\t\t\t<span class=\"elementor-accordion-icon-opened\"><i class=\"fas fa-minus\"><\/i><\/span>\n\t\t\t\t\t\t\t\t\t\t\t\t\t\t<\/span>\n\t\t\t\t\t\t\t\t\t\t\t\t<a class=\"elementor-accordion-title\" href=\"\">La collezione archeologica Adriano Lotti<\/a>\n\t\t\t\t\t<\/div>\n\t\t\t\t\t<div id=\"elementor-tab-content-1823\" class=\"elementor-tab-content elementor-clearfix\" data-tab=\"3\" role=\"tabpanel\" aria-labelledby=\"elementor-tab-title-1823\"><p><img loading=\"lazy\" class=\"alignleft wp-image-8219 \" src=\"https:\/\/museofucecchio.it\/en\/wp-content\/uploads\/2019\/01\/Museo-Fucecchio6_risultato-1-300x240.jpg\" alt=\"\" width=\"243\" height=\"194\" srcset=\"https:\/\/museofucecchio.it\/en\/wp-content\/uploads\/sites\/4\/2019\/01\/Museo-Fucecchio6_risultato-1-300x240.jpg 300w, https:\/\/museofucecchio.it\/en\/wp-content\/uploads\/sites\/4\/2019\/01\/Museo-Fucecchio6_risultato-1-1024x818.jpg 1024w, https:\/\/museofucecchio.it\/en\/wp-content\/uploads\/sites\/4\/2019\/01\/Museo-Fucecchio6_risultato-1-768x614.jpg 768w, https:\/\/museofucecchio.it\/en\/wp-content\/uploads\/sites\/4\/2019\/01\/Museo-Fucecchio6_risultato-1-1536x1227.jpg 1536w, https:\/\/museofucecchio.it\/en\/wp-content\/uploads\/sites\/4\/2019\/01\/Museo-Fucecchio6_risultato-1-600x479.jpg 600w, https:\/\/museofucecchio.it\/en\/wp-content\/uploads\/sites\/4\/2019\/01\/Museo-Fucecchio6_risultato-1.jpg 1920w\" sizes=\"(max-width: 243px) 100vw, 243px\" \/><span style=\"letter-spacing: 0.2px\">La collezione Adriano Lotti si compone di materiali che provengono da un\u2019area compresa tra il Lazio e la Toscana meridionale e vi sono rappresentate soprattutto classi di ceramiche prodotte in Etruria sotto l\u2019influsso dei prodotti importati dall\u2019Eubea e da Corinto.<\/span><\/p>\n<p>La collezione si \u00e8 formata a Fucecchio con materiale proveniente da aree esterne al Valdarno e documenta una fase nella quale il collezionismo privato ha contribuito ad evitare la dispersione di nuclei di dati storici. Il Comune di Fucecchio l&#8217;ha acquisita nel 2009 dagli eredi di Adriano Lotti, cui era pervenuta per via ereditaria.&nbsp; L&#8217;arco cronologico della collezione \u00e8 assai ampio, estendendosi dalla preistoria al periodo tardo antico. Anche le provenienze sono varie, ma vi predomina un nucleo di reperti dell&#8217;Etruria Meridionale.<\/p>\n<p>La raccolta svolge una funzione complementare ai materiali archeologici di provenienza locale, permettendo al visitatore di allargare lo sguardo a classi di materiali in relazione con produzioni del Mediterraneo antico. Tra questi sono da menzionare soprattutto i nuclei di ceramica italo-geometrica, etrusco-corinzia e di bucchero.<\/p><p><a href=\"https:\/\/museofucecchio.it\/en\/wp-content\/uploads\/2019\/01\/Brochure_Collezione_Lotti.pdf\" target=\"_blank\">Scarica la brochure&nbsp;<\/a><br><\/p><\/div>\n\t\t\t\t<\/div>\n\t\t\t\t\t\t\t\t<\/div>\n\t\t\t\t<\/div>\n\t\t\t\t<\/div>\n\t\t\t\t\t<\/div>\n\t\t<\/div>\n\t\t\t\t\t\t\t<\/div>\n\t\t<\/section>\n\t\t\t\t<section class=\"elementor-section elementor-top-section elementor-element elementor-element-57d155d elementor-section-boxed elementor-section-height-default elementor-section-height-default\" data-id=\"57d155d\" data-element_type=\"section\">\n\t\t\t\t\t\t<div class=\"elementor-container elementor-column-gap-default\">\n\t\t\t\t\t<div class=\"elementor-column elementor-col-100 elementor-top-column elementor-element elementor-element-2fff0b9\" data-id=\"2fff0b9\" data-element_type=\"column\">\n\t\t\t<div class=\"elementor-widget-wrap elementor-element-populated\">\n\t\t\t\t\t\t\t\t<div class=\"elementor-element elementor-element-ca1ce7c elementor-widget elementor-widget-ova_collections\" data-id=\"ca1ce7c\" data-element_type=\"widget\" data-widget_type=\"ova_collections.default\">\n\t\t\t\t<div class=\"elementor-widget-container\">\n\t\t\t\n\t\t<div class=\"archive_collection\">\n\n\t\t\t<div class=\"content_archive_coll type1 element-wrapper\">\n\t\t\t\t\t\t\t\t\n\t\t\t<\/div>\n\n\t\t<\/div>\n\t\t\t\t<\/div>\n\t\t\t\t<\/div>\n\t\t\t\t\t<\/div>\n\t\t<\/div>\n\t\t\t\t\t\t\t<\/div>\n\t\t<\/section>\n\t\t\t\t\t\t<\/div>\n\t\t\t\t\t<\/div>\n\t\t","protected":false},"excerpt":{"rendered":"<p>The scarce archaeological documentation exhibited in this room along with the news of old findings allow to reconstruct the layout of the territory in the Etruscan and Roman age and the network of small scattered settlements. In this picture, in addition to the extensive traces of land divisions or centuriazioni in the plain, the epigraphic [&hellip;]<\/p>\n","protected":false},"author":1,"featured_media":0,"parent":5318,"menu_order":0,"comment_status":"closed","ping_status":"closed","template":"sala.php","meta":{"_monsterinsights_skip_tracking":false,"_monsterinsights_sitenote_active":false,"_monsterinsights_sitenote_note":"","_monsterinsights_sitenote_category":0},"_links":{"self":[{"href":"https:\/\/museofucecchio.it\/en\/wp-json\/wp\/v2\/pages\/7373"}],"collection":[{"href":"https:\/\/museofucecchio.it\/en\/wp-json\/wp\/v2\/pages"}],"about":[{"href":"https:\/\/museofucecchio.it\/en\/wp-json\/wp\/v2\/types\/page"}],"author":[{"embeddable":true,"href":"https:\/\/museofucecchio.it\/en\/wp-json\/wp\/v2\/users\/1"}],"replies":[{"embeddable":true,"href":"https:\/\/museofucecchio.it\/en\/wp-json\/wp\/v2\/comments?post=7373"}],"version-history":[{"count":228,"href":"https:\/\/museofucecchio.it\/en\/wp-json\/wp\/v2\/pages\/7373\/revisions"}],"predecessor-version":[{"id":12246,"href":"https:\/\/museofucecchio.it\/en\/wp-json\/wp\/v2\/pages\/7373\/revisions\/12246"}],"up":[{"embeddable":true,"href":"https:\/\/museofucecchio.it\/en\/wp-json\/wp\/v2\/pages\/5318"}],"wp:attachment":[{"href":"https:\/\/museofucecchio.it\/en\/wp-json\/wp\/v2\/media?parent=7373"}],"curies":[{"name":"wp","href":"https:\/\/api.w.org\/{rel}","templated":true}]}}